{"id":3082,"date":"2023-01-15T00:54:52","date_gmt":"2023-01-14T23:54:52","guid":{"rendered":"https:\/\/goodbrands-ag.com\/send-pitch-deck\/"},"modified":"2023-04-25T16:49:28","modified_gmt":"2023-04-25T14:49:28","slug":"send-pitch-deck","status":"publish","type":"page","link":"https:\/\/goodbrands-ag.com\/en\/send-pitch-deck\/","title":{"rendered":"Send pitch deck"},"content":{"rendered":"<p>[et_pb_section fb_built=&#8221;1&#8243; custom_padding_last_edited=&#8221;off|desktop&#8221; disabled_on=&#8221;off|off|off&#8221; admin_label=&#8221;Pitchdeck&#8221; module_class=&#8221;grid-stacked&#8221; _builder_version=&#8221;4.19.5&#8243; _module_preset=&#8221;default&#8221; custom_padding=&#8221;0px||0px||true|false&#8221; custom_padding_tablet=&#8221;15%||15%||true|false&#8221; custom_padding_phone=&#8221;32px||32px||true|false&#8221; background_image_tablet=&#8221;https:\/\/goodbrands-ag.com\/wp-content\/uploads\/Mobile-Strategische-Partnerschaft.webp&#8221; background_image_phone=&#8221;https:\/\/goodbrands-ag.com\/wp-content\/uploads\/Mobile-Strategische-Partnerschaft.webp&#8221; background_enable_image_tablet=&#8221;on&#8221; background_enable_image_phone=&#8221;on&#8221; locked=&#8221;off&#8221; global_colors_info=&#8221;{}&#8221;][et_pb_row custom_padding_last_edited=&#8221;on|phone&#8221; admin_label=&#8221;content row&#8221; module_class=&#8221;grid-stacked__content&#8221; _builder_version=&#8221;4.19.5&#8243; _module_preset=&#8221;default&#8221; custom_padding=&#8221;0px||0px||false|false&#8221; custom_padding_tablet=&#8221;&#8221; custom_padding_phone=&#8221;0px||0px||false|false&#8221; global_colors_info=&#8221;{}&#8221;][et_pb_column type=&#8221;4_4&#8243; _builder_version=&#8221;4.19.4&#8243; _module_preset=&#8221;default&#8221; custom_css_main_element=&#8221;display:flex;||flex-direction:column;||justify-content:center;&#8221; global_colors_info=&#8221;{}&#8221;][et_pb_text _builder_version=&#8221;4.19.5&#8243; _module_preset=&#8221;default&#8221; text_text_color=&#8221;#85837B&#8221; text_font_size=&#8221;20px&#8221; text_orientation=&#8221;center&#8221; custom_margin_tablet=&#8221;&#8221; custom_margin_phone=&#8221;||20px||false|false&#8221; custom_margin_last_edited=&#8221;on|phone&#8221; text_font_size_tablet=&#8221;20px&#8221; text_font_size_phone=&#8221;13px&#8221; text_font_size_last_edited=&#8221;on|phone&#8221; text_line_height_tablet=&#8221;&#8221; text_line_height_phone=&#8221;15px&#8221; text_line_height_last_edited=&#8221;on|phone&#8221; global_colors_info=&#8221;{}&#8221;]<\/p>\n<p>Send pitch deck<\/p>\n<p>[\/et_pb_text][et_pb_divider show_divider=&#8221;off&#8221; _builder_version=&#8221;4.19.5&#8243; _module_preset=&#8221;default&#8221; background_color=&#8221;#85837B&#8221; width=&#8221;1px&#8221; module_alignment=&#8221;center&#8221; height=&#8221;70px&#8221; height_tablet=&#8221;70px&#8221; height_phone=&#8221;45px&#8221; height_last_edited=&#8221;on|phone&#8221; locked=&#8221;off&#8221; global_colors_info=&#8221;{}&#8221;][\/et_pb_divider][et_pb_text _builder_version=&#8221;4.19.5&#8243; _module_preset=&#8221;default&#8221; text_text_color=&#8221;#85837B&#8221; text_font_size=&#8221;20px&#8221; header_text_align=&#8221;center&#8221; header_font_size=&#8221;50px&#8221; header_line_height=&#8221;1.2em&#8221; text_orientation=&#8221;center&#8221; width=&#8221;85%&#8221; width_tablet=&#8221;85%&#8221; width_phone=&#8221;100%&#8221; width_last_edited=&#8221;on|phone&#8221; module_alignment=&#8221;center&#8221; custom_margin=&#8221;32px||0px||false|false&#8221; custom_margin_tablet=&#8221;||0px||false|false&#8221; custom_margin_phone=&#8221;20px||0px||false|false&#8221; custom_margin_last_edited=&#8221;on|phone&#8221; text_font_size_tablet=&#8221;18px&#8221; text_font_size_phone=&#8221;13px&#8221; text_font_size_last_edited=&#8221;on|tablet&#8221; text_line_height_tablet=&#8221;&#8221; text_line_height_phone=&#8221;15px&#8221; text_line_height_last_edited=&#8221;on|phone&#8221; header_font_size_tablet=&#8221;34px&#8221; header_font_size_phone=&#8221;20px&#8221; header_font_size_last_edited=&#8221;on|tablet&#8221; header_line_height_tablet=&#8221;1em&#8221; header_line_height_phone=&#8221;23px&#8221; header_line_height_last_edited=&#8221;on|tablet&#8221; global_colors_info=&#8221;{}&#8221;]<\/p>\n<h1>&#8220;An idea is just an idea.<br \/>What determines what it becomes<br \/>is when and how you go after it.&#8221;<\/h1>\n<p>&#8211; Justin Mateen<\/p>\n<p>[\/et_pb_text][\/et_pb_column][\/et_pb_row][et_pb_row custom_padding_last_edited=&#8221;on|phone&#8221; admin_label=&#8221;Image-Row&#8221; module_class=&#8221;grid-stacked__image-row&#8221; _builder_version=&#8221;4.19.5&#8243; _module_preset=&#8221;default&#8221; width=&#8221;100%&#8221; max_width=&#8221;100%&#8221; custom_margin_tablet=&#8221;32px||||false|false&#8221; custom_margin_phone=&#8221;0px||||false|false&#8221; custom_margin_last_edited=&#8221;off|desktop&#8221; custom_padding=&#8221;0px||0px||false|false&#8221; custom_padding_tablet=&#8221;&#8221; custom_padding_phone=&#8221;0px||0px||false|false&#8221; global_colors_info=&#8221;{}&#8221;][et_pb_column type=&#8221;4_4&#8243; _builder_version=&#8221;4.19.4&#8243; _module_preset=&#8221;default&#8221; custom_css_main_element=&#8221;display:flex;||flex-direction:column;||justify-content:center;&#8221; global_colors_info=&#8221;{}&#8221;][et_pb_image src=&#8221;https:\/\/goodbrands-ag.com\/wp-content\/uploads\/Pitchdeck-Bild.webp&#8221; title_text=&#8221;Pitchdeck-Bild&#8221; src_tablet=&#8221;https:\/\/goodbrands-ag.com\/wp-content\/uploads\/Pitchdeck-Bild.webp&#8221; src_phone=&#8221;https:\/\/goodbrands-ag.com\/wp-content\/uploads\/Mobile-Pitchdeck-Bild.webp&#8221; src_last_edited=&#8221;on|tablet&#8221; _builder_version=&#8221;4.19.5&#8243; _module_preset=&#8221;default&#8221; global_colors_info=&#8221;{}&#8221;][\/et_pb_image][\/et_pb_column][\/et_pb_row][\/et_pb_section][et_pb_section fb_built=&#8221;1&#8243; _builder_version=&#8221;4.19.5&#8243; _module_preset=&#8221;default&#8221; custom_padding=&#8221;64px||64px||true|false&#8221; global_colors_info=&#8221;{}&#8221;][et_pb_row _builder_version=&#8221;4.19.5&#8243; _module_preset=&#8221;default&#8221; custom_margin=&#8221;||0px||false|false&#8221; custom_padding=&#8221;0px||0px||false|false&#8221; locked=&#8221;off&#8221; global_colors_info=&#8221;{}&#8221; custom_css_main_element_last_edited=&#8221;on|tablet&#8221; custom_css_main_element_tablet=&#8221;grid-row: 1;||grid-column: 1 \/ -1;&#8221; custom_css_main_element_phone=&#8221;grid-row: 1;||grid-column: 1 \/ -1;&#8221;][et_pb_column type=&#8221;4_4&#8243; _builder_version=&#8221;4.19.4&#8243; _module_preset=&#8221;default&#8221; custom_css_main_element=&#8221;display:flex;||flex-direction:column;||justify-content:center;&#8221; global_colors_info=&#8221;{}&#8221;][et_pb_text _builder_version=&#8221;4.19.5&#8243; _module_preset=&#8221;default&#8221; header_2_font_size=&#8221;30px&#8221; text_orientation=&#8221;center&#8221; custom_margin=&#8221;||20px||false|false&#8221; header_2_font_size_tablet=&#8221;28px&#8221; header_2_font_size_phone=&#8221;20px&#8221; header_2_font_size_last_edited=&#8221;on|tablet&#8221; header_2_line_height_tablet=&#8221;&#8221; header_2_line_height_phone=&#8221;23px&#8221; header_2_line_height_last_edited=&#8221;on|phone&#8221; global_colors_info=&#8221;{}&#8221;]<\/p>\n<h2>Let&#8217;s bring your idea to life together!<\/h2>\n<p>[\/et_pb_text][et_pb_divider show_divider=&#8221;off&#8221; _builder_version=&#8221;4.19.5&#8243; _module_preset=&#8221;default&#8221; background_color=&#8221;#85837B&#8221; width=&#8221;1px&#8221; module_alignment=&#8221;center&#8221; height=&#8221;70px&#8221; height_tablet=&#8221;70px&#8221; height_phone=&#8221;45px&#8221; height_last_edited=&#8221;on|phone&#8221; custom_margin=&#8221;||17px||false|false&#8221; global_colors_info=&#8221;{}&#8221;][\/et_pb_divider][et_pb_text _builder_version=&#8221;4.19.5&#8243; _module_preset=&#8221;default&#8221; text_text_color=&#8221;#000000&#8243; text_font_size=&#8221;17px&#8221; text_line_height=&#8221;30px&#8221; text_orientation=&#8221;center&#8221; width=&#8221;70%&#8221; width_tablet=&#8221;70%&#8221; width_phone=&#8221;86%&#8221; width_last_edited=&#8221;on|phone&#8221; module_alignment=&#8221;center&#8221; custom_margin=&#8221;||54px||false|false&#8221; custom_margin_tablet=&#8221;||54px||false|false&#8221; custom_margin_phone=&#8221;||0px||false|false&#8221; custom_margin_last_edited=&#8221;on|phone&#8221; text_font_size_tablet=&#8221;17px&#8221; text_font_size_phone=&#8221;13px&#8221; text_font_size_last_edited=&#8221;on|phone&#8221; text_line_height_tablet=&#8221;30px&#8221; text_line_height_phone=&#8221;22px&#8221; text_line_height_last_edited=&#8221;on|phone&#8221; global_colors_info=&#8221;{}&#8221;]<\/p>\n<p>If you need a strong partner to support you in growing your startup and bring investment and necessary know-how, then apply for an investment with Good Brands AG. We look forward to receiving your inquiry!<\/p>\n<p>[\/et_pb_text][et_pb_divider show_divider=&#8221;off&#8221; disabled_on=&#8221;on|off|off&#8221; _builder_version=&#8221;4.19.5&#8243; _module_preset=&#8221;default&#8221; background_color=&#8221;rgba(215,209,172,0.4)&#8221; width=&#8221;100%&#8221; max_width=&#8221;760px&#8221; module_alignment=&#8221;center&#8221; height=&#8221;1px&#8221; global_colors_info=&#8221;{}&#8221;][\/et_pb_divider][\/et_pb_column][\/et_pb_row][et_pb_row custom_padding_last_edited=&#8221;on|tablet&#8221; _builder_version=&#8221;4.19.5&#8243; _module_preset=&#8221;default&#8221; custom_padding=&#8221;||||false|false&#8221; custom_padding_tablet=&#8221;0px||||false|false&#8221; custom_padding_phone=&#8221;0px||||false|false&#8221; global_colors_info=&#8221;{}&#8221;][et_pb_column type=&#8221;4_4&#8243; _builder_version=&#8221;4.19.5&#8243; _module_preset=&#8221;default&#8221; global_colors_info=&#8221;{}&#8221;][et_pb_contact_form email=&#8221;contact@trabolda25.com&#8221; success_message=&#8221;&lt;p&gt;&lt;span&gt;Vielen Dank f\u00fcr deine Anfrage. Die Nachricht wurde erfolgreich versendet und wir melden uns schnellstm\u00f6glich bei dir!&lt;\/span&gt;&lt;\/p&gt;&#8221; submit_button_text=&#8221;Pitchdeck absenden&#8221; disabled_on=&#8221;on|on|on&#8221; _builder_version=&#8221;4.19.5&#8243; _module_preset=&#8221;default&#8221; _unique_id=&#8221;d3f98326-a879-4d58-bd6f-e47baa807b53&#8243; form_field_background_color=&#8221;#FFFFFF&#8221; form_field_text_color=&#8221;#85837B&#8221; form_field_focus_background_color=&#8221;rgba(215,209,172,0.25)&#8221; form_field_focus_text_color=&#8221;#000000&#8243; custom_button=&#8221;on&#8221; button_text_color=&#8221;#000000&#8243; button_bg_color=&#8221;#ECE200&#8243; button_border_color=&#8221;#ECE200&#8243; button_border_radius=&#8221;5px&#8221; button_use_icon=&#8221;off&#8221; max_width=&#8221;70%&#8221; max_width_tablet=&#8221;100%&#8221; max_width_phone=&#8221;100%&#8221; max_width_last_edited=&#8221;on|tablet&#8221; module_alignment=&#8221;center&#8221; form_field_font_size_tablet=&#8221;&#8221; form_field_font_size_phone=&#8221;13px&#8221; form_field_font_size_last_edited=&#8221;on|phone&#8221; form_field_line_height_tablet=&#8221;&#8221; form_field_line_height_phone=&#8221;22px&#8221; form_field_line_height_last_edited=&#8221;on|phone&#8221; button_text_size_tablet=&#8221;&#8221; button_text_size_phone=&#8221;13px&#8221; button_text_size_last_edited=&#8221;on|phone&#8221; admin_email_subject=&#8221;Pitchdeck Anfrage&#8221; save_files_to_db=&#8221;off&#8221; unique_views_cookie=&#8221;off&#8221; input_focus_border_color=&#8221;#000000&#8243; input_focus_border_width=&#8221;1px&#8221; field_desc_color=&#8221;#85837B&#8221; files_container_background=&#8221;#FFFFFF&#8221; files_container_border_color=&#8221;#85837B&#8221; files_container_border_width=&#8221;1px&#8221; files_container_list_color=&#8221;#85837B&#8221; file_button_font=&#8221;||||||||&#8221; file_button_background=&#8221;#85837B&#8221; file_button_color=&#8221;#FFFFFF&#8221; file_button_border_color=&#8221;#85837B&#8221; file_button_icon_color=&#8221;#FFFFFF&#8221; datepicker_yearmonth_text_color=&#8221;#85837B&#8221; datepicker_yearmonth_background=&#8221;#D7D1AC&#8221; datepicker_dates_text_color=&#8221;#85837B&#8221; datepicker_selected_date_background=&#8221;#ECE200&#8243; datepicker_selected_date_color=&#8221;#000000&#8243; use_honeypot=&#8221;on&#8221; border_width_all=&#8221;1px&#8221; border_color_all=&#8221;#85837B&#8221; disabled=&#8221;on&#8221; global_colors_info=&#8221;{}&#8221; field_desc_size_last_edited=&#8221;on|phone&#8221; field_desc_size_phone=&#8221;12px&#8221; field_desc_line_height_last_edited=&#8221;on|phone&#8221; field_desc_line_height_phone=&#8221;1.2em&#8221; accepted_file_text_size_last_edited=&#8221;on|phone&#8221; accepted_file_text_size_phone=&#8221;12px&#8221; accepted_file_text_lineheight_last_edited=&#8221;on|phone&#8221; accepted_file_text_lineheight_phone=&#8221;1.2em&#8221; chosen_file_text_size_last_edited=&#8221;on|phone&#8221; chosen_file_text_size_phone=&#8221;12px&#8221; chosen_file_text_lineheight_last_edited=&#8221;on|phone&#8221; chosen_file_text_lineheight_phone=&#8221;1.3em&#8221; file_button_size_last_edited=&#8221;on|phone&#8221; file_button_size_phone=&#8221;13px&#8221;][et_pb_contact_field field_id=&#8221;Company_Name&#8221; field_title=&#8221;Company Name&#8221; _builder_version=&#8221;4.19.5&#8243; _module_preset=&#8221;default&#8221; field_placeholder=&#8221;Company Name&#8221; field_description=&#8221;Wie hei\u00dft deine Company?&#8221; field_description_location=&#8221;above&#8221; global_colors_info=&#8221;{}&#8221;][\/et_pb_contact_field][et_pb_contact_field field_id=&#8221;Branche&#8221; field_title=&#8221;Branche&#8221; _builder_version=&#8221;4.19.5&#8243; _module_preset=&#8221;default&#8221; field_placeholder=&#8221;Branche&#8221; field_description=&#8221;In welcher Branche seid ihr t\u00e4tig?&#8221; field_description_location=&#8221;above&#8221; global_colors_info=&#8221;{}&#8221;][\/et_pb_contact_field][et_pb_contact_field field_id=&#8221;Website&#8221; field_title=&#8221;Webseite&#8221; _builder_version=&#8221;4.19.5&#8243; _module_preset=&#8221;default&#8221; field_placeholder=&#8221;URL deiner Webseite&#8221; field_description=&#8221;Wie lautet die URL zu eurer Webseite?&#8221; field_description_location=&#8221;above&#8221; global_colors_info=&#8221;{}&#8221;][\/et_pb_contact_field][et_pb_contact_field field_id=&#8221;Telefon&#8221; field_title=&#8221;Telefon&#8221; allowed_symbols=&#8221;numbers&#8221; _builder_version=&#8221;4.19.5&#8243; _module_preset=&#8221;default&#8221; field_description=&#8221;Telefonnummer&#8221; field_description_location=&#8221;above&#8221; global_colors_info=&#8221;{}&#8221;][\/et_pb_contact_field][et_pb_contact_field field_id=&#8221;Social_Media&#8221; field_title=&#8221;Social Media Profile&#8221; field_type=&#8221;text&#8221; fullwidth_field=&#8221;on&#8221; _builder_version=&#8221;4.19.5&#8243; _module_preset=&#8221;default&#8221; field_placeholder=&#8221;Links zu den Social Media Profilen. Jeweils einer pro Zeile&#8221; field_description=&#8221;Links zu den Social Media Profilen&#8221; field_description_location=&#8221;above&#8221; global_colors_info=&#8221;{}&#8221;][\/et_pb_contact_field][et_pb_contact_field field_id=&#8221;Gr\u00fcnderteam&#8221; field_title=&#8221;Gr\u00fcnderteam&#8221; field_type=&#8221;text&#8221; min_length=&#8221;100&#8243; fullwidth_field=&#8221;on&#8221; _builder_version=&#8221;4.19.5&#8243; _module_preset=&#8221;default&#8221; field_placeholder=&#8221;Erz\u00e4hle uns mehr \u00fcber das Gr\u00fcnderteam&#8221; field_description=&#8221;Bitte erz\u00e4hle uns etwas \u00fcber dich\/das Gr\u00fcnderteam.&#8221; field_description_location=&#8221;above&#8221; global_colors_info=&#8221;{}&#8221;][\/et_pb_contact_field][et_pb_contact_field field_id=&#8221;USP&#8221; field_title=&#8221;USP&#8221; field_type=&#8221;text&#8221; min_length=&#8221;50&#8243; fullwidth_field=&#8221;on&#8221; _builder_version=&#8221;4.19.5&#8243; _module_preset=&#8221;default&#8221; field_placeholder=&#8221;Alleinstellungsmerkmal&#8221; field_description=&#8221;Welche L\u00f6sung bietet ihr euren Kunden an und was ist euer Alleinstellungsmerkmal?&#8221; field_description_location=&#8221;above&#8221; global_colors_info=&#8221;{}&#8221;][\/et_pb_contact_field][et_pb_contact_field field_id=&#8221;Background&#8221; field_title=&#8221;Background&#8221; field_type=&#8221;text&#8221; min_length=&#8221;50&#8243; fullwidth_field=&#8221;on&#8221; _builder_version=&#8221;4.19.5&#8243; _module_preset=&#8221;default&#8221; field_description=&#8221;Wie seid ihr auf die Idee gekommen?&#8221; field_description_location=&#8221;above&#8221; global_colors_info=&#8221;{}&#8221;][\/et_pb_contact_field][et_pb_contact_field field_id=&#8221;Firmenbewertung&#8221; field_title=&#8221;Firmenbewertung&#8221; allowed_symbols=&#8221;numbers&#8221; _builder_version=&#8221;4.19.5&#8243; _module_preset=&#8221;default&#8221; field_description=&#8221;Wie hoch ist eure Firmenbewertung? &#8221; field_description_location=&#8221;above&#8221; global_colors_info=&#8221;{}&#8221;][\/et_pb_contact_field][et_pb_contact_field field_id=&#8221;Investmentsumme&#8221; field_title=&#8221;Investmentsumme&#8221; allowed_symbols=&#8221;numbers&#8221; _builder_version=&#8221;4.19.5&#8243; _module_preset=&#8221;default&#8221; field_description=&#8221;H\u00f6he der Gesamtinvestmentsumme?&#8221; field_description_location=&#8221;above&#8221; global_colors_info=&#8221;{}&#8221;][\/et_pb_contact_field][et_pb_contact_field field_id=&#8221;Unterst\u00fctzung&#8221; field_title=&#8221;Unterst\u00fctzung&#8221; field_type=&#8221;text&#8221; fullwidth_field=&#8221;on&#8221; _builder_version=&#8221;4.19.5&#8243; _module_preset=&#8221;default&#8221; field_description=&#8221;Welche Unterst\u00fctzung ben\u00f6tigt ihr von uns? &#8221; field_description_location=&#8221;above&#8221; global_colors_info=&#8221;{}&#8221;][\/et_pb_contact_field][et_pb_contact_field field_id=&#8221;Zieldatum&#8221; field_title=&#8221;Zieldatum&#8221; fullwidth_field=&#8221;on&#8221; _builder_version=&#8221;4.19.5&#8243; _module_preset=&#8221;default&#8221; field_description=&#8221;Bis wann ist der Deal zu closen?&#8221; field_description_location=&#8221;above&#8221; use_datetime=&#8221;on&#8221; datetime_type=&#8221;date&#8221; custom_date_format=&#8221;d.m.Y&#8221; datetime_week_start=&#8221;Monday&#8221; datetime_disabled_week_days=&#8221;off|off|off|off|off|off|off&#8221; datetime_disabled_past_days=&#8221;on&#8221; global_colors_info=&#8221;{}&#8221;][\/et_pb_contact_field][et_pb_contact_field field_id=&#8221;Upload&#8221; field_title=&#8221;Upload&#8221; fullwidth_field=&#8221;on&#8221; _builder_version=&#8221;4.19.5&#8243; _module_preset=&#8221;default&#8221; field_description=&#8221;Pitch Upload Datei&#8221; field_description_location=&#8221;above&#8221; use_file_upload=&#8221;on&#8221; files_limit=&#8221;5&#8243; file_mime=&#8221;on|off|on|off|off|off|off|off|off|off|off|off|off|off|off|off|off|off|off|off|off|off|off|off|off|off|off|off|off|off|off|off|off|off|off|off|off|off|off|off|off|off|off|off|on|off|off|on|off|off|off|off|off|on|off|off|off|off|off|on|off|off|off|on|off|off|off|off|off|on|off|off|off|off|off|off|off|off|off|off|off|off|off|off|off|off|off|off|off|off|off|off|off|off&#8221; global_colors_info=&#8221;{}&#8221;][\/et_pb_contact_field][et_pb_contact_field field_id=&#8221;Name&#8221; field_title=&#8221;Name&#8221; _builder_version=&#8221;4.19.5&#8243; field_placeholder=&#8221;Vorname, Nachname&#8221; field_description_location=&#8221;above&#8221; global_colors_info=&#8221;{}&#8221; button_text_size__hover_enabled=&#8221;off&#8221; button_one_text_size__hover_enabled=&#8221;off&#8221; button_two_text_size__hover_enabled=&#8221;off&#8221; button_text_color__hover_enabled=&#8221;off&#8221; button_one_text_color__hover_enabled=&#8221;off&#8221; button_two_text_color__hover_enabled=&#8221;off&#8221; button_border_width__hover_enabled=&#8221;off&#8221; button_one_border_width__hover_enabled=&#8221;off&#8221; button_two_border_width__hover_enabled=&#8221;off&#8221; button_border_color__hover_enabled=&#8221;off&#8221; button_one_border_color__hover_enabled=&#8221;off&#8221; button_two_border_color__hover_enabled=&#8221;off&#8221; button_border_radius__hover_enabled=&#8221;off&#8221; button_one_border_radius__hover_enabled=&#8221;off&#8221; button_two_border_radius__hover_enabled=&#8221;off&#8221; button_letter_spacing__hover_enabled=&#8221;off&#8221; button_one_letter_spacing__hover_enabled=&#8221;off&#8221; button_two_letter_spacing__hover_enabled=&#8221;off&#8221; button_bg_color__hover_enabled=&#8221;off&#8221; button_one_bg_color__hover_enabled=&#8221;off&#8221; button_two_bg_color__hover_enabled=&#8221;off&#8221;][\/et_pb_contact_field][et_pb_contact_field field_id=&#8221;Email&#8221; field_title=&#8221;E-Mail&#8221; field_type=&#8221;email&#8221; _builder_version=&#8221;4.19.5&#8243; global_colors_info=&#8221;{}&#8221; button_text_size__hover_enabled=&#8221;off&#8221; button_one_text_size__hover_enabled=&#8221;off&#8221; button_two_text_size__hover_enabled=&#8221;off&#8221; button_text_color__hover_enabled=&#8221;off&#8221; button_one_text_color__hover_enabled=&#8221;off&#8221; button_two_text_color__hover_enabled=&#8221;off&#8221; button_border_width__hover_enabled=&#8221;off&#8221; button_one_border_width__hover_enabled=&#8221;off&#8221; button_two_border_width__hover_enabled=&#8221;off&#8221; button_border_color__hover_enabled=&#8221;off&#8221; button_one_border_color__hover_enabled=&#8221;off&#8221; button_two_border_color__hover_enabled=&#8221;off&#8221; button_border_radius__hover_enabled=&#8221;off&#8221; button_one_border_radius__hover_enabled=&#8221;off&#8221; button_two_border_radius__hover_enabled=&#8221;off&#8221; button_letter_spacing__hover_enabled=&#8221;off&#8221; button_one_letter_spacing__hover_enabled=&#8221;off&#8221; button_two_letter_spacing__hover_enabled=&#8221;off&#8221; button_bg_color__hover_enabled=&#8221;off&#8221; button_one_bg_color__hover_enabled=&#8221;off&#8221; button_two_bg_color__hover_enabled=&#8221;off&#8221;][\/et_pb_contact_field][\/et_pb_contact_form][et_pb_code _builder_version=&#8221;4.19.5&#8243; _module_preset=&#8221;default&#8221; global_colors_info=&#8221;{}&#8221;]<\/p>\n<div style=\"width: 100%; height: 500px;\" data-tf-widget=\"ArekIGP9\" data-tf-opacity=\"100\" data-tf-iframe-props=\"title=Pitchdeck\" data-tf-transitive-search-params=\"\" data-tf-medium=\"snippet\">\u00a0<\/div>\n<pee><script src=\"\/\/embed.typeform.com\/next\/embed.js\"><\/script><\/pee>[\/et_pb_code][\/et_pb_column][\/et_pb_row][\/et_pb_section]<\/p>\n","protected":false},"excerpt":{"rendered":"<p>Send pitch deck&#8221;An idea is just an idea.What determines what it becomesis when and how you go after it.&#8221; &#8211; Justin MateenLet&#8217;s bring your idea to life together!If you need a strong partner to support you in growing your startup and bring investment and necessary know-how, then apply for an investment with Good Brands AG. We look forward to receiving your inquiry!<\/p>\n","protected":false},"author":2,"featured_media":0,"parent":0,"menu_order":0,"comment_status":"closed","ping_status":"closed","template":"","meta":{"_acf_changed":false,"_et_pb_use_builder":"on","_et_pb_old_content":"","_et_gb_content_width":"","footnotes":""},"class_list":["post-3082","page","type-page","status-publish","hentry"],"acf":[],"_links":{"self":[{"href":"https:\/\/goodbrands-ag.com\/en\/wp-json\/wp\/v2\/pages\/3082","targetHints":{"allow":["GET"]}}],"collection":[{"href":"https:\/\/goodbrands-ag.com\/en\/wp-json\/wp\/v2\/pages"}],"about":[{"href":"https:\/\/goodbrands-ag.com\/en\/wp-json\/wp\/v2\/types\/page"}],"author":[{"embeddable":true,"href":"https:\/\/goodbrands-ag.com\/en\/wp-json\/wp\/v2\/users\/2"}],"replies":[{"embeddable":true,"href":"https:\/\/goodbrands-ag.com\/en\/wp-json\/wp\/v2\/comments?post=3082"}],"version-history":[{"count":4,"href":"https:\/\/goodbrands-ag.com\/en\/wp-json\/wp\/v2\/pages\/3082\/revisions"}],"predecessor-version":[{"id":3376,"href":"https:\/\/goodbrands-ag.com\/en\/wp-json\/wp\/v2\/pages\/3082\/revisions\/3376"}],"wp:attachment":[{"href":"https:\/\/goodbrands-ag.com\/en\/wp-json\/wp\/v2\/media?parent=3082"}],"curies":[{"name":"wp","href":"https:\/\/api.w.org\/{rel}","templated":true}]}}